{"id":12,"date":"2023-12-11T22:40:22","date_gmt":"2023-12-11T22:40:22","guid":{"rendered":"https:\/\/www.kgs-birkstr.de\/?page_id=12"},"modified":"2024-05-27T14:25:07","modified_gmt":"2024-05-27T14:25:07","slug":"schulleben","status":"publish","type":"page","link":"https:\/\/www.kgs-birkstr.de\/?page_id=12","title":{"rendered":"Schule"},"content":{"rendered":"\n<h1 class=\"wp-block-heading has-large-font-size\">Unsere Schule<\/h1>\n\n\n\n<p class=\"has-text-align-left\">Seit 1970 ist die KGS Birkstra\u00dfe eine katholische Grundschule in Eilendorf.\u00a0<br>Die damalige Planung sah neben dem komplexen Schulgeb\u00e4ude eine Turnhalle mit Schwimmhalle vor. Davon profitierten und profitieren viele Eilendorfer Kinder.<\/p>\n\n\n\n<p>Durch ihre g\u00fcnstige Lage erleben die Kinder ihren Schultag im Gr\u00fcnen. Der Haarbach flie\u00dft am Schulhof vorbei, am Ende der Stra\u00dfe beginnen Felder und ein Waldgebiet mit Spazierwegen, so dass spontanen Ausfl\u00fcgen zu au\u00dferschulischen Lernorten in der Natur nichts im Wege steht.&nbsp;&nbsp;<\/p>\n","protected":false},"excerpt":{"rendered":"<p>Unsere Schule Seit 1970 ist die KGS Birkstra\u00dfe eine katholische Grundschule in Eilendorf.\u00a0Die damalige Planung sah neben dem komplexen Schulgeb\u00e4ude eine Turnhalle mit Schwimmhalle vor. Davon profitierten und profitieren viele Eilendorfer Kinder. Durch ihre g\u00fcnstige Lage erleben die Kinder ihren Schultag im Gr\u00fcnen. Der Haarbach flie\u00dft am Schulhof vorbei, am Ende der Stra\u00dfe beginnen Felder [&hellip;]<\/p>\n","protected":false},"author":1,"featured_media":0,"parent":114,"menu_order":0,"comment_status":"closed","ping_status":"closed","template":"","meta":{"footnotes":""},"class_list":["post-12","page","type-page","status-publish","hentry"],"_links":{"self":[{"href":"https:\/\/www.kgs-birkstr.de\/index.php?rest_route=\/wp\/v2\/pages\/12","targetHints":{"allow":["GET"]}}],"collection":[{"href":"https:\/\/www.kgs-birkstr.de\/index.php?rest_route=\/wp\/v2\/pages"}],"about":[{"href":"https:\/\/www.kgs-birkstr.de\/index.php?rest_route=\/wp\/v2\/types\/page"}],"author":[{"embeddable":true,"href":"https:\/\/www.kgs-birkstr.de\/index.php?rest_route=\/wp\/v2\/users\/1"}],"replies":[{"embeddable":true,"href":"https:\/\/www.kgs-birkstr.de\/index.php?rest_route=%2Fwp%2Fv2%2Fcomments&post=12"}],"version-history":[{"count":7,"href":"https:\/\/www.kgs-birkstr.de\/index.php?rest_route=\/wp\/v2\/pages\/12\/revisions"}],"predecessor-version":[{"id":436,"href":"https:\/\/www.kgs-birkstr.de\/index.php?rest_route=\/wp\/v2\/pages\/12\/revisions\/436"}],"up":[{"embeddable":true,"href":"https:\/\/www.kgs-birkstr.de\/index.php?rest_route=\/wp\/v2\/pages\/114"}],"wp:attachment":[{"href":"https:\/\/www.kgs-birkstr.de\/index.php?rest_route=%2Fwp%2Fv2%2Fmedia&parent=12"}],"curies":[{"name":"wp","href":"https:\/\/api.w.org\/{rel}","templated":true}]}}