{"id":164,"date":"2024-01-29T13:52:54","date_gmt":"2024-01-29T13:52:54","guid":{"rendered":"https:\/\/www.kgs-birkstr.de\/?page_id=164"},"modified":"2024-04-03T10:03:12","modified_gmt":"2024-04-03T10:03:12","slug":"antolin","status":"publish","type":"page","link":"https:\/\/www.kgs-birkstr.de\/?page_id=164","title":{"rendered":"Antolin"},"content":{"rendered":"\n<div class=\"wp-block-media-text is-stacked-on-mobile\"><figure class=\"wp-block-media-text__media\"><img loading=\"lazy\" decoding=\"async\" width=\"1024\" height=\"1024\" src=\"https:\/\/www.kgs-birkstr.de\/wp-content\/uploads\/2024\/04\/0_Antolin_final_gross_RGB_-1-1024x1024.png\" alt=\"\" class=\"wp-image-323 size-full\" srcset=\"https:\/\/www.kgs-birkstr.de\/wp-content\/uploads\/2024\/04\/0_Antolin_final_gross_RGB_-1-1024x1024.png 1024w, https:\/\/www.kgs-birkstr.de\/wp-content\/uploads\/2024\/04\/0_Antolin_final_gross_RGB_-1-300x300.png 300w, https:\/\/www.kgs-birkstr.de\/wp-content\/uploads\/2024\/04\/0_Antolin_final_gross_RGB_-1-150x150.png 150w, https:\/\/www.kgs-birkstr.de\/wp-content\/uploads\/2024\/04\/0_Antolin_final_gross_RGB_-1-768x768.png 768w, https:\/\/www.kgs-birkstr.de\/wp-content\/uploads\/2024\/04\/0_Antolin_final_gross_RGB_-1-1536x1536.png 1536w, https:\/\/www.kgs-birkstr.de\/wp-content\/uploads\/2024\/04\/0_Antolin_final_gross_RGB_-1-2048x2048.png 2048w\" sizes=\"auto, (max-width: 1024px) 100vw, 1024px\" \/><\/figure><div class=\"wp-block-media-text__content\">\n<p><a href=\"http:\/\/antolin.westermann.de\" data-type=\"link\" data-id=\"antolin.westermann.de\">Antolin<\/a> ist eine Plattform, auf der zu mehreren Zehntausend B\u00fccher Quizfragen angeboten werden. Die Lehrer*Innen legen f\u00fcr die Kinder der Klasse Zug\u00e4nge an und k\u00f6nnen die Fortschritte der Kinder einsehen.<\/p>\n\n\n\n<p>Das Passwort f\u00fcr den Zugang zur Antolin-Plattform befindet sich auf der letzten Seite des Logbuchs.<\/p>\n<\/div><\/div>\n\n\n<p class=\"wp-block-site-tagline has-small-font-size\">URL: www.antolin.de Illustratorin: Iris Blanck \u00a9 Westermann\u00a0<\/p>","protected":false},"excerpt":{"rendered":"<p>Antolin ist eine Plattform, auf der zu mehreren Zehntausend B\u00fccher Quizfragen angeboten werden. Die Lehrer*Innen legen f\u00fcr die Kinder der Klasse Zug\u00e4nge an und k\u00f6nnen die Fortschritte der Kinder einsehen. Das Passwort f\u00fcr den Zugang zur Antolin-Plattform befindet sich auf der letzten Seite des Logbuchs.<\/p>\n","protected":false},"author":3,"featured_media":0,"parent":21,"menu_order":1,"comment_status":"closed","ping_status":"closed","template":"","meta":{"footnotes":"[]"},"class_list":["post-164","page","type-page","status-publish","hentry"],"_links":{"self":[{"href":"https:\/\/www.kgs-birkstr.de\/index.php?rest_route=\/wp\/v2\/pages\/164","targetHints":{"allow":["GET"]}}],"collection":[{"href":"https:\/\/www.kgs-birkstr.de\/index.php?rest_route=\/wp\/v2\/pages"}],"about":[{"href":"https:\/\/www.kgs-birkstr.de\/index.php?rest_route=\/wp\/v2\/types\/page"}],"author":[{"embeddable":true,"href":"https:\/\/www.kgs-birkstr.de\/index.php?rest_route=\/wp\/v2\/users\/3"}],"replies":[{"embeddable":true,"href":"https:\/\/www.kgs-birkstr.de\/index.php?rest_route=%2Fwp%2Fv2%2Fcomments&post=164"}],"version-history":[{"count":8,"href":"https:\/\/www.kgs-birkstr.de\/index.php?rest_route=\/wp\/v2\/pages\/164\/revisions"}],"predecessor-version":[{"id":329,"href":"https:\/\/www.kgs-birkstr.de\/index.php?rest_route=\/wp\/v2\/pages\/164\/revisions\/329"}],"up":[{"embeddable":true,"href":"https:\/\/www.kgs-birkstr.de\/index.php?rest_route=\/wp\/v2\/pages\/21"}],"wp:attachment":[{"href":"https:\/\/www.kgs-birkstr.de\/index.php?rest_route=%2Fwp%2Fv2%2Fmedia&parent=164"}],"curies":[{"name":"wp","href":"https:\/\/api.w.org\/{rel}","templated":true}]}}