{"id":17,"date":"2023-12-11T22:43:34","date_gmt":"2023-12-11T22:43:34","guid":{"rendered":"https:\/\/www.kgs-birkstr.de\/?page_id=17"},"modified":"2026-01-14T20:19:52","modified_gmt":"2026-01-14T20:19:52","slug":"termine","status":"publish","type":"page","link":"https:\/\/www.kgs-birkstr.de\/?page_id=17","title":{"rendered":"Downloads"},"content":{"rendered":"\n<p><\/p>\n\n\n\n<ul class=\"wp-block-list\">\n<li><a href=\"https:\/\/www.kgs-birkstr.de\/wp-content\/uploads\/2026\/01\/Terminplan-KGS-Birkstrasse-2.-Halbjahr-Eltern.pdf\">Terminplan 2025\/26 2. Halbjahr<\/a><\/li>\n\n\n\n<li><a href=\"https:\/\/www.kgs-birkstr.de\/wp-content\/uploads\/2025\/07\/Terminplan-KGS-Birkstrasse-1.-Halbjahr-Eltern_2025_2026.pdf\">Terminplan 2025\/26 1. Halbjahr<\/a><br><br><\/li>\n\n\n\n<li>Anmeldeunterlagen f\u00fcr Schulneulinge\n<ul class=\"wp-block-list\">\n<li><a href=\"https:\/\/www.kgs-birkstr.de\/wp-content\/uploads\/2024\/10\/Anmeldung-2025_26.pdf\">Anmeldung 2026\/2<\/a>7<\/li>\n\n\n\n<li><a href=\"https:\/\/www.kgs-birkstr.de\/wp-content\/uploads\/2024\/10\/Belehrung-Infektionsschutz-2024.pdf\">Belehrung Infektionsschutz 2024<\/a><\/li>\n\n\n\n<li><a href=\"https:\/\/www.kgs-birkstr.de\/wp-content\/uploads\/2024\/10\/Einverstaendniserkl.-f.-Schulneulinge.pdf\">Einverst\u00e4ndiserkl\u00e4rung f\u00fcr Schulneulinge<\/a><\/li>\n\n\n\n<li><a href=\"https:\/\/www.kgs-birkstr.de\/wp-content\/uploads\/2024\/10\/Betreuungsvertrag-OGS.pdf\">Betreuungsvertrag OGS<\/a><\/li>\n\n\n\n<li><a href=\"https:\/\/www.kgs-birkstr.de\/wp-content\/uploads\/2024\/10\/Erklaerung-zum-Sorgerecht.pdf\">Erkl\u00e4rung zum Sorgerecht<\/a><\/li>\n<\/ul>\n<\/li>\n<\/ul>\n\n\n\n<p><\/p>\n","protected":false},"excerpt":{"rendered":"","protected":false},"author":1,"featured_media":0,"parent":114,"menu_order":5,"comment_status":"closed","ping_status":"closed","template":"","meta":{"footnotes":""},"class_list":["post-17","page","type-page","status-publish","hentry"],"_links":{"self":[{"href":"https:\/\/www.kgs-birkstr.de\/index.php?rest_route=\/wp\/v2\/pages\/17","targetHints":{"allow":["GET"]}}],"collection":[{"href":"https:\/\/www.kgs-birkstr.de\/index.php?rest_route=\/wp\/v2\/pages"}],"about":[{"href":"https:\/\/www.kgs-birkstr.de\/index.php?rest_route=\/wp\/v2\/types\/page"}],"author":[{"embeddable":true,"href":"https:\/\/www.kgs-birkstr.de\/index.php?rest_route=\/wp\/v2\/users\/1"}],"replies":[{"embeddable":true,"href":"https:\/\/www.kgs-birkstr.de\/index.php?rest_route=%2Fwp%2Fv2%2Fcomments&post=17"}],"version-history":[{"count":28,"href":"https:\/\/www.kgs-birkstr.de\/index.php?rest_route=\/wp\/v2\/pages\/17\/revisions"}],"predecessor-version":[{"id":884,"href":"https:\/\/www.kgs-birkstr.de\/index.php?rest_route=\/wp\/v2\/pages\/17\/revisions\/884"}],"up":[{"embeddable":true,"href":"https:\/\/www.kgs-birkstr.de\/index.php?rest_route=\/wp\/v2\/pages\/114"}],"wp:attachment":[{"href":"https:\/\/www.kgs-birkstr.de\/index.php?rest_route=%2Fwp%2Fv2%2Fmedia&parent=17"}],"curies":[{"name":"wp","href":"https:\/\/api.w.org\/{rel}","templated":true}]}}