{"id":170,"date":"2024-01-29T13:55:08","date_gmt":"2024-01-29T13:55:08","guid":{"rendered":"https:\/\/www.kgs-birkstr.de\/?page_id=170"},"modified":"2024-04-03T08:44:41","modified_gmt":"2024-04-03T08:44:41","slug":"uebergang-kita-grundschule","status":"publish","type":"page","link":"https:\/\/www.kgs-birkstr.de\/?page_id=170","title":{"rendered":"\u00dcberg\u00e4nge"},"content":{"rendered":"\n<p>Die \u00dcberg\u00e4nge von der <a href=\"https:\/\/www.kgs-birkstr.de\/?page_id=173(\u00f6ffnet in neuem Tab)\">KiTa <\/a>in die Grundschule und sp\u00e4ter zur <a href=\"https:\/\/www.kgs-birkstr.de\/?page_id=175(\u00f6ffnet in neuem Tab)\" data-type=\"page\" data-id=\"175\">weiterf\u00fchrenden Schule<\/a> begleiten wir.<\/p>\n\n\n\n<p><\/p>\n","protected":false},"excerpt":{"rendered":"<p>Die \u00dcberg\u00e4nge von der KiTa in die Grundschule und sp\u00e4ter zur weiterf\u00fchrenden Schule begleiten wir.<\/p>\n","protected":false},"author":3,"featured_media":0,"parent":21,"menu_order":6,"comment_status":"closed","ping_status":"closed","template":"","meta":{"footnotes":""},"class_list":["post-170","page","type-page","status-publish","hentry"],"_links":{"self":[{"href":"https:\/\/www.kgs-birkstr.de\/index.php?rest_route=\/wp\/v2\/pages\/170","targetHints":{"allow":["GET"]}}],"collection":[{"href":"https:\/\/www.kgs-birkstr.de\/index.php?rest_route=\/wp\/v2\/pages"}],"about":[{"href":"https:\/\/www.kgs-birkstr.de\/index.php?rest_route=\/wp\/v2\/types\/page"}],"author":[{"embeddable":true,"href":"https:\/\/www.kgs-birkstr.de\/index.php?rest_route=\/wp\/v2\/users\/3"}],"replies":[{"embeddable":true,"href":"https:\/\/www.kgs-birkstr.de\/index.php?rest_route=%2Fwp%2Fv2%2Fcomments&post=170"}],"version-history":[{"count":6,"href":"https:\/\/www.kgs-birkstr.de\/index.php?rest_route=\/wp\/v2\/pages\/170\/revisions"}],"predecessor-version":[{"id":288,"href":"https:\/\/www.kgs-birkstr.de\/index.php?rest_route=\/wp\/v2\/pages\/170\/revisions\/288"}],"up":[{"embeddable":true,"href":"https:\/\/www.kgs-birkstr.de\/index.php?rest_route=\/wp\/v2\/pages\/21"}],"wp:attachment":[{"href":"https:\/\/www.kgs-birkstr.de\/index.php?rest_route=%2Fwp%2Fv2%2Fmedia&parent=170"}],"curies":[{"name":"wp","href":"https:\/\/api.w.org\/{rel}","templated":true}]}}