{"id":173,"date":"2024-01-29T13:56:45","date_gmt":"2024-01-29T13:56:45","guid":{"rendered":"https:\/\/www.kgs-birkstr.de\/?page_id=173"},"modified":"2024-05-28T10:56:02","modified_gmt":"2024-05-28T10:56:02","slug":"kita-grundschule","status":"publish","type":"page","link":"https:\/\/www.kgs-birkstr.de\/?page_id=173","title":{"rendered":"KiTa &#8211; Grundschule"},"content":{"rendered":"\n<p>Herzlich willkommen bei uns an der Schule!<\/p>\n\n\n\n<p>Die anstehende Einschulung ist nicht nur f\u00fcr die Kinder aufregend &#8211; auch Sie als Eltern haben sicherlich die eine oder andere Frage, die Sie auf dem \u00dcbergang in die Grundschule begleitet. Gerne m\u00f6chten wir Ihnen hier einen ersten Eindruck in den \u00dcbergang von der Kita in die Grundschule aufzeigen, damit dieser auch reibungslos verlaufen kann.<\/p>\n\n\n\n<p><strong>Sommer: <\/strong><br>Schreiben der Stadt Aachen zum Anmeldeverfahren an den Grundschulen mitsamt den Terminen f\u00fcr den Tag der offenen T\u00fcr. <br><\/p>\n\n\n\n<p><strong>September- Oktober<\/strong><br><strong>Tag der offenen T\u00fcr <\/strong>&#8211; traditionell findet unser Tag der offenen T\u00fcr im September oder Oktober statt. Melden Sie sich gerne unter: <a href=\"mailto:kgs.birkstrasse@mail.aachen.de\">kgs.birkstrasse@mail.aachen.de<\/a> f\u00fcr eine F\u00fchrung an. <br>Wir freuen uns auf ihr Kommen!<br>Termine f\u00fcr die Anmeldungen k\u00f6nnen bereits gebucht werden &#8211; oder auch per Mail\/ Telefon im sp\u00e4teren Verlauf. <br><\/p>\n\n\n\n<p><strong>November:<\/strong><br>Die <strong>Anmeldungen<\/strong> an unserer Schule werden vorgenommen. Sie kommen zum Anmeldetermin mit Ihrem Kind in die Schule. Die Schulleitung f\u00fchrt mit Ihnen und Ihrem Kind ein Gespr\u00e4ch. <br>Vorab erhalten Sie bereits Dokumente, die Sie schon ausgef\u00fcllt mit in die Schule bringen. <br>Im Anschluss erhalten Sie einen Termin f\u00fcr die Untersuchung beim Gesundheitsamt der St\u00e4dteregion Aachen. <br><\/p>\n\n\n\n<p><strong>April: <\/strong><br>Die <strong>Aufnahmebescheide <\/strong>sowie OGS-Vertr\u00e4ge werden durch unsere Schule verschickt.<br><\/p>\n\n\n\n<p><strong>Mai:<\/strong><br>Wir laden Ihre Kinder zu unserer <strong>Mini-Schule <\/strong>(begleitet durch Kita oder die Eltern) ein. Hier k\u00f6nnen die Kinder schon einmal unsere Schul- und OGS Geb\u00e4ude kennenlernen. <\/p>\n\n\n\n<p><strong>Juni: <\/strong><br>Schulfest, Theater, Zirkus oder Sponsorenlauf &#8211; wir stellen unsere Schule noch einmal vor und Sie sind mit ihrem Kind herzlich eingeladen vorbeizukommen!<\/p>\n\n\n\n<p><strong>August:<\/strong><br>Einschulung mit Einschulungsgottesdienst.<\/p>\n","protected":false},"excerpt":{"rendered":"<p>Herzlich willkommen bei uns an der Schule! Die anstehende Einschulung ist nicht nur f\u00fcr die Kinder aufregend &#8211; auch Sie als Eltern haben sicherlich die eine oder andere Frage, die Sie auf dem \u00dcbergang in die Grundschule begleitet. Gerne m\u00f6chten wir Ihnen hier einen ersten Eindruck in den \u00dcbergang von der Kita in die Grundschule [&hellip;]<\/p>\n","protected":false},"author":3,"featured_media":0,"parent":170,"menu_order":0,"comment_status":"closed","ping_status":"closed","template":"","meta":{"footnotes":""},"class_list":["post-173","page","type-page","status-publish","hentry"],"_links":{"self":[{"href":"https:\/\/www.kgs-birkstr.de\/index.php?rest_route=\/wp\/v2\/pages\/173","targetHints":{"allow":["GET"]}}],"collection":[{"href":"https:\/\/www.kgs-birkstr.de\/index.php?rest_route=\/wp\/v2\/pages"}],"about":[{"href":"https:\/\/www.kgs-birkstr.de\/index.php?rest_route=\/wp\/v2\/types\/page"}],"author":[{"embeddable":true,"href":"https:\/\/www.kgs-birkstr.de\/index.php?rest_route=\/wp\/v2\/users\/3"}],"replies":[{"embeddable":true,"href":"https:\/\/www.kgs-birkstr.de\/index.php?rest_route=%2Fwp%2Fv2%2Fcomments&post=173"}],"version-history":[{"count":7,"href":"https:\/\/www.kgs-birkstr.de\/index.php?rest_route=\/wp\/v2\/pages\/173\/revisions"}],"predecessor-version":[{"id":443,"href":"https:\/\/www.kgs-birkstr.de\/index.php?rest_route=\/wp\/v2\/pages\/173\/revisions\/443"}],"up":[{"embeddable":true,"href":"https:\/\/www.kgs-birkstr.de\/index.php?rest_route=\/wp\/v2\/pages\/170"}],"wp:attachment":[{"href":"https:\/\/www.kgs-birkstr.de\/index.php?rest_route=%2Fwp%2Fv2%2Fmedia&parent=173"}],"curies":[{"name":"wp","href":"https:\/\/api.w.org\/{rel}","templated":true}]}}