{"id":182,"date":"2024-02-14T14:22:32","date_gmt":"2024-02-14T14:22:32","guid":{"rendered":"https:\/\/www.kgs-birkstr.de\/?page_id=182"},"modified":"2024-02-17T10:17:30","modified_gmt":"2024-02-17T10:17:30","slug":"wichtige-vereinbarungen","status":"publish","type":"page","link":"https:\/\/www.kgs-birkstr.de\/?page_id=182","title":{"rendered":"Wichtige Vereinbarungen"},"content":{"rendered":"\n<h4 class=\"wp-block-heading\">Diese Abl\u00e4ufe erleichtern das Zusammenleben zwischen Eltern, Kinder und der Schule<\/h4>\n\n\n\n<p><strong>Unterrichtsbeginn zu sp\u00e4teren Zeiten<br><\/strong>Sch\u00fcler, die zur 2. Stunde oder sp\u00e4ter Unterricht haben, kommen&nbsp;<strong>fr\u00fchestens 5 Minuten<\/strong>&nbsp;vor Unterrichtsbeginn zur Schule und&nbsp;<strong>bleiben mit ihren Schultaschen auf dem Schulhof<\/strong>. Erforderliche Sonderregelungen m\u00fcssen mit den Klassenlehrer*Innen vereinbart werden. Kinder, die in der OGS sind, melden sich dort.<\/p>\n\n\n\n<p><strong>Unterrichtsschluss<br><\/strong>Nach dem Unterricht&nbsp;<strong>verlassen die Kinder sofort das Schulgeb\u00e4ude und das Schulgel\u00e4nde<\/strong>. Kinder, die in der OGS sind, gehen sofort in die Betreuungsr\u00e4ume oder in die Pause.<\/p>\n\n\n\n<p><strong>Krankheit<br>Wenn ein\u00a0Kind\u00a0krank ist, ist die Schule am gleichen Tag zu benachrichtigen.<\/strong>\u00a0Dies geschieht am besten telefonisch bis 8 Uhr (Anrufbeantworter oder <a href=\"mailto: kgs.birkstra\u00dfe@mail.aachen.de\">Mail<\/a>). Bei mehr als drei Fehltagen kann bei h\u00e4ufigem Fehlen ein \u00e4rztliches Attest eingefordert werden.<br><br><strong>Wenn eine\u00a0Lehrerin\u00a0krank ist, werden die Kinder nicht ohne vorherige Benachrichtigung der Eltern fr\u00fcher nach Hause geschickt<\/strong>. Wenn eine Lehrerin f\u00fcr mehrere Tage erkrankt ist, wird ein Vertretungsplan erstellt und den Kindern bekannt gegeben.<\/p>\n\n\n\n<p><strong>Sch\u00fclerunf\u00e4lle<\/strong>, die auf dem Schulgel\u00e4nde, innerhalb des Schulgeb\u00e4udes oder auf dem Weg zur oder von der Schule geschehen, m\u00fcssen<strong>&nbsp;sofort der Schule gemeldet<\/strong>&nbsp;werden. Die notwendigen Versicherungsmitteilungen f\u00fcr den Arzt&nbsp;<strong>m\u00fcssen umgehend in der Schule abgeholt werden<\/strong>.&nbsp;<\/p>\n\n\n\n<p><strong>B\u00fccher<\/strong>, die st\u00e4dtisches Eigentum sind, m\u00fcssen bei Verlust, starker Verschmutzung oder Besch\u00e4digung ersetzt werden. Bitte machen Sie einen Umschlag (<strong>keine Selbstklebefolie<\/strong>) um die B\u00fccher.<\/p>\n\n\n\n<p>Das <strong>Logbuch <\/strong>ist Mitteilungsheft, Hausaufgabenheft und Termininformation in einem. Informationen aus Schule oder OGS und R\u00fcckmeldungen aus den Hausaufgaben werden dort eingetragen. <strong>Bitte t\u00e4glich kontrollieren!<\/strong><\/p>\n\n\n\n<p>Die\u00a0<strong>Postmappe<\/strong>\u00a0ist ein gelber Schnellhefter, den alle Kinder in ihrer Schultasche haben. Alle schriftlichen Mitteilungen f\u00fcr die Eltern, aber auch Mitteilungen der Eltern an die Schule kommen in diese Mappe.\u00a0<strong>Bitte t\u00e4glich kontrollieren!<\/strong><\/p>\n\n\n\n<p><strong>Sprechzeiten:<\/strong>\u00a0<br>Mit der Schulleitung und den Lehrerinnen sollte bei Gespr\u00e4chsbedarf vorab telefonisch ein Termin vereinbart werden.<br>\u00a0<\/p>\n","protected":false},"excerpt":{"rendered":"<p>Diese Abl\u00e4ufe erleichtern das Zusammenleben zwischen Eltern, Kinder und der Schule Unterrichtsbeginn zu sp\u00e4teren ZeitenSch\u00fcler, die zur 2. Stunde oder sp\u00e4ter Unterricht haben, kommen&nbsp;fr\u00fchestens 5 Minuten&nbsp;vor Unterrichtsbeginn zur Schule und&nbsp;bleiben mit ihren Schultaschen auf dem Schulhof. Erforderliche Sonderregelungen m\u00fcssen mit den Klassenlehrer*Innen vereinbart werden. Kinder, die in der OGS sind, melden sich dort. UnterrichtsschlussNach dem [&hellip;]<\/p>\n","protected":false},"author":3,"featured_media":0,"parent":12,"menu_order":5,"comment_status":"closed","ping_status":"closed","template":"","meta":{"footnotes":""},"class_list":["post-182","page","type-page","status-publish","hentry"],"_links":{"self":[{"href":"https:\/\/www.kgs-birkstr.de\/index.php?rest_route=\/wp\/v2\/pages\/182","targetHints":{"allow":["GET"]}}],"collection":[{"href":"https:\/\/www.kgs-birkstr.de\/index.php?rest_route=\/wp\/v2\/pages"}],"about":[{"href":"https:\/\/www.kgs-birkstr.de\/index.php?rest_route=\/wp\/v2\/types\/page"}],"author":[{"embeddable":true,"href":"https:\/\/www.kgs-birkstr.de\/index.php?rest_route=\/wp\/v2\/users\/3"}],"replies":[{"embeddable":true,"href":"https:\/\/www.kgs-birkstr.de\/index.php?rest_route=%2Fwp%2Fv2%2Fcomments&post=182"}],"version-history":[{"count":2,"href":"https:\/\/www.kgs-birkstr.de\/index.php?rest_route=\/wp\/v2\/pages\/182\/revisions"}],"predecessor-version":[{"id":236,"href":"https:\/\/www.kgs-birkstr.de\/index.php?rest_route=\/wp\/v2\/pages\/182\/revisions\/236"}],"up":[{"embeddable":true,"href":"https:\/\/www.kgs-birkstr.de\/index.php?rest_route=\/wp\/v2\/pages\/12"}],"wp:attachment":[{"href":"https:\/\/www.kgs-birkstr.de\/index.php?rest_route=%2Fwp%2Fv2%2Fmedia&parent=182"}],"curies":[{"name":"wp","href":"https:\/\/api.w.org\/{rel}","templated":true}]}}