{"id":19,"date":"2023-12-11T22:44:05","date_gmt":"2023-12-11T22:44:05","guid":{"rendered":"https:\/\/www.kgs-birkstr.de\/?page_id=19"},"modified":"2024-05-27T14:37:34","modified_gmt":"2024-05-27T14:37:34","slug":"ganztag","status":"publish","type":"page","link":"https:\/\/www.kgs-birkstr.de\/?page_id=19","title":{"rendered":"Ganztag"},"content":{"rendered":"\n<p>Unsere Schule ist eine\u00a0<strong>Offene Ganztagsschule.\u00a0<\/strong><br>Das bedeutet, dass die Kinder von\u00a0<strong>8 bis 16 Uhr<\/strong> betreut sind. Sie haben die M\u00f6glichkeit, mittags warm oder kalt zu essen. Anschlie\u00dfend werden sie bei den Hausaufgaben durch OGS-MitarbeiterInnen oder Lehrerinnen p\u00e4dagogisch begleitet.<\/p>\n\n\n\n<p>Danach finden unterschiedliche Kurse statt, zu denen sich die Kinder anmelden k\u00f6nnen.<\/p>\n\n\n\n<p>Au\u00dfer in den Weihnachtsferien ist&nbsp;die OGS jeweils in der ersten H\u00e4lfte der Ferien ge\u00f6ffnet.&nbsp; In den Sommerferien finden f\u00fcr drei Wochen die Ferienspiele mit einem vielf\u00e4ltigen Programm statt.<\/p>\n\n\n\n<p><strong><u>Leitbild<\/u><\/strong><\/p>\n\n\n\n<p>Grundvoraussetzung unserer Arbeit ist die vorurteilsfreie Annahme des Kindes mit seiner individuellen Pers\u00f6nlichkeit. Unsere p\u00e4dagogische Arbeit orientiert sich am Schulprogramm bzw. geht mit der p\u00e4dagogischen Arbeit im Vormittag Hand in Hand.<\/p>\n\n\n\n<p>Die Kinder erleben bei uns ein ganzheitliches Lernen auf verschiedenen Ebenen in einer gro\u00dfen Gemeinschaft. Dabei schaffen wir f\u00fcr die Kinder im Anschluss an den Unterricht eine Tagesstruktur, in der sie sich sicher und geborgen f\u00fchlen k\u00f6nnen.<\/p>\n\n\n\n<p>Die Schwerpunkte unserer Arbeit liegen in der F\u00f6rderung des Sozialverhaltens, der Unterst\u00fctzung und Begleitung der Kinder in ihrer Pers\u00f6nlichkeitsentwicklung, dem Erlernen eines selbst\u00e4ndigen Umgangs mit ihren Hausaufgaben und der Anregung zu Freispiel und Bewegung.<\/p>\n\n\n\n<p>Jedes Kind hat bei uns die M\u00f6glichkeit, das Umfeld mitzugestalten: sei es bei der Einrichtung der R\u00e4ume und Anschaffung von Spielmaterial, der Auswahl der Mittagsverpflegung f\u00fcr die Schulgemeinschaft oder das aktuelle Kursangebot. Wir gehen auf die Interessen und Bed\u00fcrfnisse der Kinder ein und gestalten mit ihnen gemeinsam den OGS-Alltag.<\/p>\n\n\n\n<ul class=\"wp-block-list\">\n<li>Die OGS ist unter der Telefonnummer\u00a0<br><strong><a href=\"tel:02414138324\">0241 \u2013 4138324<\/a><\/strong>\u00a0(evtl. AB) oder per Email unter<br><strong><a href=\"mailto:melanie.vreydal@mail.aachen.de\">melanie.vreydal@mail.aachen.de<\/a><\/strong> zu erreichen.<\/li>\n<\/ul>\n","protected":false},"excerpt":{"rendered":"<p>Unsere Schule ist eine\u00a0Offene Ganztagsschule.\u00a0Das bedeutet, dass die Kinder von\u00a08 bis 16 Uhr betreut sind. Sie haben die M\u00f6glichkeit, mittags warm oder kalt zu essen. Anschlie\u00dfend werden sie bei den Hausaufgaben durch OGS-MitarbeiterInnen oder Lehrerinnen p\u00e4dagogisch begleitet. Danach finden unterschiedliche Kurse statt, zu denen sich die Kinder anmelden k\u00f6nnen. Au\u00dfer in den Weihnachtsferien ist&nbsp;die OGS [&hellip;]<\/p>\n","protected":false},"author":1,"featured_media":0,"parent":114,"menu_order":1,"comment_status":"closed","ping_status":"closed","template":"","meta":{"footnotes":""},"class_list":["post-19","page","type-page","status-publish","hentry"],"_links":{"self":[{"href":"https:\/\/www.kgs-birkstr.de\/index.php?rest_route=\/wp\/v2\/pages\/19","targetHints":{"allow":["GET"]}}],"collection":[{"href":"https:\/\/www.kgs-birkstr.de\/index.php?rest_route=\/wp\/v2\/pages"}],"about":[{"href":"https:\/\/www.kgs-birkstr.de\/index.php?rest_route=\/wp\/v2\/types\/page"}],"author":[{"embeddable":true,"href":"https:\/\/www.kgs-birkstr.de\/index.php?rest_route=\/wp\/v2\/users\/1"}],"replies":[{"embeddable":true,"href":"https:\/\/www.kgs-birkstr.de\/index.php?rest_route=%2Fwp%2Fv2%2Fcomments&post=19"}],"version-history":[{"count":5,"href":"https:\/\/www.kgs-birkstr.de\/index.php?rest_route=\/wp\/v2\/pages\/19\/revisions"}],"predecessor-version":[{"id":442,"href":"https:\/\/www.kgs-birkstr.de\/index.php?rest_route=\/wp\/v2\/pages\/19\/revisions\/442"}],"up":[{"embeddable":true,"href":"https:\/\/www.kgs-birkstr.de\/index.php?rest_route=\/wp\/v2\/pages\/114"}],"wp:attachment":[{"href":"https:\/\/www.kgs-birkstr.de\/index.php?rest_route=%2Fwp%2Fv2%2Fmedia&parent=19"}],"curies":[{"name":"wp","href":"https:\/\/api.w.org\/{rel}","templated":true}]}}