{"id":242,"date":"2024-02-17T10:24:18","date_gmt":"2024-02-17T10:24:18","guid":{"rendered":"https:\/\/www.kgs-birkstr.de\/?page_id=242"},"modified":"2025-07-01T12:42:14","modified_gmt":"2025-07-01T12:42:14","slug":"foerderverein","status":"publish","type":"page","link":"https:\/\/www.kgs-birkstr.de\/?page_id=242","title":{"rendered":"F\u00f6rderverein"},"content":{"rendered":"\n<p><strong>Unser F\u00f6rderverein<\/strong><strong><\/strong><\/p>\n\n\n\n<p>Bereits 1986 wurde der \u201eVerein der Freunde und F\u00f6rderer der KGS Birkstra\u00dfe e. V.\u201c gegr\u00fcndet.<\/p>\n\n\n\n<p>Der F\u00f6rderverein hat sich seit jeher zum Ziel gesetzt, alle Sch\u00fclerinnen und Sch\u00fcler sowie alle Ma\u00dfnahmen, die dem Erziehungs- und Bildungsauftrag der KGS Birkstra\u00dfe dienen, bestm\u00f6glich zu f\u00f6rdern und zu unterst\u00fctzen.<\/p>\n\n\n\n<p>Seit der Gr\u00fcndung unterst\u00fctzen wir die Schule zum Beispiel bei der Anschaffung von<\/p>\n\n\n\n<ul class=\"wp-block-list\">\n<li>Unterrichtsmaterial<\/li>\n\n\n\n<li>Ausstattung der Schulb\u00fccherei<\/li>\n\n\n\n<li>Sport- und Spielger\u00e4ten<\/li>\n\n\n\n<li>Schulhofgestaltung<\/li>\n<\/ul>\n\n\n\n<p>Eine der wichtigsten Unterst\u00fctzungen sind <strong>Zusch\u00fcsse zu Klassenfahrten<\/strong>. Sie schulen die Sozialkompetenz, f\u00f6rdern das Zusammengeh\u00f6rigkeitsgef\u00fchl und fangen soziale Ungleichheiten auf. Der Gruppeneffekt einer Klassenfahrt h\u00e4lt lange&nbsp;an und ist daher aus unserer Sicht besonders f\u00f6rderungsw\u00fcrdig.<\/p>\n\n\n\n<p>Dies gilt auch f\u00fcr die Durchf\u00fchrung und Unterst\u00fctzung von<\/p>\n\n\n\n<ul class=\"wp-block-list\">\n<li>Schulfesten<\/li>\n\n\n\n<li>St. Martin<\/li>\n\n\n\n<li>Zirkusprojekt (alle vier Jahre)<\/li>\n\n\n\n<li>und vieles mehr<\/li>\n<\/ul>\n\n\n\n<p>Desweitern erhalten alle Erstkl\u00e4ssler zu Weihnachten ein Erstlesebuch und die Viertkl\u00e4ssler im Sommer ein Abschiedsgeschenk.<\/p>\n\n\n\n<p>Das alles schaffen wir aber nur mit Ihrer aktiven und finanziellen Hilfe.<\/p>\n\n\n\n<p><strong>Werden Sie Mitglied im F\u00f6rderverein!<\/strong><\/p>\n\n\n\n<p>Der Mitgliedsbeitrag betr\u00e4gt 15&nbsp;\u20ac im Jahr.<\/p>\n\n\n\n<p><strong>Oder unterst\u00fctzen Sie uns mit einer einmaligen Spende!<\/strong><\/p>\n\n\n\n<p>Eine Spendenbescheinigung stellen wir gerne auf Nachfrage aus.<\/p>\n\n\n\n<p>Bankverbindung: DE76 3905 0000 0007 9711 61<\/p>\n\n\n\n<p>Kontoinhaber: Verein der Freunde und F\u00f6rderer der KGS Birkstra\u00dfe e. V.<\/p>\n\n\n\n<p><a href=\"https:\/\/www.kgs-birkstr.de\/wp-content\/uploads\/2024\/05\/Aufnahmeantrag-Foerderverein.pdf\">Beitrittserkl\u00e4rungen <\/a>erhalten Sie bei den Vorstandsmitgliedern oder hier als Download.<\/p>\n\n\n\n<p>Der jetzige Vorstand setzt sich wie folgt zusammen:&nbsp;&nbsp;&nbsp;&nbsp;&nbsp;&nbsp;&nbsp;&nbsp;&nbsp;&nbsp;&nbsp;&nbsp;&nbsp;&nbsp;&nbsp;&nbsp;&nbsp;&nbsp;&nbsp;&nbsp;&nbsp;&nbsp;&nbsp;&nbsp;&nbsp;&nbsp;&nbsp;&nbsp;&nbsp;&nbsp;&nbsp;&nbsp;&nbsp;&nbsp;&nbsp;&nbsp;&nbsp;&nbsp;&nbsp;&nbsp;&nbsp;&nbsp;&nbsp;&nbsp;&nbsp;&nbsp;&nbsp;&nbsp;&nbsp;&nbsp;&nbsp;&nbsp;&nbsp;&nbsp;&nbsp;&nbsp;&nbsp;&nbsp;&nbsp;&nbsp;&nbsp;&nbsp;&nbsp;&nbsp;&nbsp;&nbsp;&nbsp;&nbsp;&nbsp;&nbsp;&nbsp;&nbsp;&nbsp;&nbsp;&nbsp;&nbsp;&nbsp;&nbsp;&nbsp;&nbsp;&nbsp;&nbsp;&nbsp;&nbsp;&nbsp;&nbsp;&nbsp;&nbsp;&nbsp;&nbsp;&nbsp;&nbsp;&nbsp;&nbsp;&nbsp;&nbsp;&nbsp;&nbsp;&nbsp;&nbsp;&nbsp;&nbsp;&nbsp;&nbsp;&nbsp;&nbsp;&nbsp;&nbsp;&nbsp;&nbsp;&nbsp;&nbsp;<\/p>\n\n\n\n<ul class=\"wp-block-list\">\n<li>Vorsitzender: Herr Rico Grein<\/li>\n\n\n\n<li>stellv. Vorsitzende: Frau Sabrina C\u00f6nen<\/li>\n\n\n\n<li>Kassierer: Herr Stephan Eidams<\/li>\n\n\n\n<li>Rektorin: Frau Anke Piel<\/li>\n\n\n\n<li>Beisitzer: Herr Robert Jansen<\/li>\n\n\n\n<li>Beisitzerin: Frau Angelina Hoffmann<\/li>\n\n\n\n<li>Beisitzerin: Frau Simone Stollenwerk<\/li>\n<\/ul>\n\n\n\n<figure class=\"wp-block-gallery has-nested-images columns-default is-cropped wp-block-gallery-1 is-layout-flex wp-block-gallery-is-layout-flex\">\n<figure class=\"wp-block-image size-large\"><img loading=\"lazy\" decoding=\"async\" width=\"1024\" height=\"937\" data-id=\"743\" src=\"https:\/\/www.kgs-birkstr.de\/wp-content\/uploads\/2025\/07\/Foerdervrein-1024x937.jpg\" alt=\"\" class=\"wp-image-743\" srcset=\"https:\/\/www.kgs-birkstr.de\/wp-content\/uploads\/2025\/07\/Foerdervrein-1024x937.jpg 1024w, https:\/\/www.kgs-birkstr.de\/wp-content\/uploads\/2025\/07\/Foerdervrein-300x275.jpg 300w, https:\/\/www.kgs-birkstr.de\/wp-content\/uploads\/2025\/07\/Foerdervrein-768x703.jpg 768w, https:\/\/www.kgs-birkstr.de\/wp-content\/uploads\/2025\/07\/Foerdervrein-1536x1406.jpg 1536w, https:\/\/www.kgs-birkstr.de\/wp-content\/uploads\/2025\/07\/Foerdervrein-2048x1874.jpg 2048w\" sizes=\"auto, (max-width: 1024px) 100vw, 1024px\" \/><\/figure>\n<\/figure>\n","protected":false},"excerpt":{"rendered":"<p>Unser F\u00f6rderverein Bereits 1986 wurde der \u201eVerein der Freunde und F\u00f6rderer der KGS Birkstra\u00dfe e. V.\u201c gegr\u00fcndet. Der F\u00f6rderverein hat sich seit jeher zum Ziel gesetzt, alle Sch\u00fclerinnen und Sch\u00fcler sowie alle Ma\u00dfnahmen, die dem Erziehungs- und Bildungsauftrag der KGS Birkstra\u00dfe dienen, bestm\u00f6glich zu f\u00f6rdern und zu unterst\u00fctzen. Seit der Gr\u00fcndung unterst\u00fctzen wir die Schule [&hellip;]<\/p>\n","protected":false},"author":3,"featured_media":0,"parent":114,"menu_order":4,"comment_status":"closed","ping_status":"closed","template":"","meta":{"footnotes":""},"class_list":["post-242","page","type-page","status-publish","hentry"],"_links":{"self":[{"href":"https:\/\/www.kgs-birkstr.de\/index.php?rest_route=\/wp\/v2\/pages\/242","targetHints":{"allow":["GET"]}}],"collection":[{"href":"https:\/\/www.kgs-birkstr.de\/index.php?rest_route=\/wp\/v2\/pages"}],"about":[{"href":"https:\/\/www.kgs-birkstr.de\/index.php?rest_route=\/wp\/v2\/types\/page"}],"author":[{"embeddable":true,"href":"https:\/\/www.kgs-birkstr.de\/index.php?rest_route=\/wp\/v2\/users\/3"}],"replies":[{"embeddable":true,"href":"https:\/\/www.kgs-birkstr.de\/index.php?rest_route=%2Fwp%2Fv2%2Fcomments&post=242"}],"version-history":[{"count":14,"href":"https:\/\/www.kgs-birkstr.de\/index.php?rest_route=\/wp\/v2\/pages\/242\/revisions"}],"predecessor-version":[{"id":744,"href":"https:\/\/www.kgs-birkstr.de\/index.php?rest_route=\/wp\/v2\/pages\/242\/revisions\/744"}],"up":[{"embeddable":true,"href":"https:\/\/www.kgs-birkstr.de\/index.php?rest_route=\/wp\/v2\/pages\/114"}],"wp:attachment":[{"href":"https:\/\/www.kgs-birkstr.de\/index.php?rest_route=%2Fwp%2Fv2%2Fmedia&parent=242"}],"curies":[{"name":"wp","href":"https:\/\/api.w.org\/{rel}","templated":true}]}}