{"id":291,"date":"2024-04-03T08:51:36","date_gmt":"2024-04-03T08:51:36","guid":{"rendered":"https:\/\/www.kgs-birkstr.de\/?page_id=291"},"modified":"2024-05-27T14:34:00","modified_gmt":"2024-05-27T14:34:00","slug":"medienkonzept","status":"publish","type":"page","link":"https:\/\/www.kgs-birkstr.de\/?page_id=291","title":{"rendered":"Digitale Medien"},"content":{"rendered":"\n<p>Seit 2019 besteht das schulische Medienkonzept und wird kontinuierlich weiterentwickelt. <\/p>\n\n\n\n<p>Die Schule verf\u00fcgt derzeit \u00fcber 63 Sch\u00fcler iPads. Jeder Klassenraum ist mit Ultrakurzdistanzbeamern, Apple TV\u00b4s und einem Lautsprechersystem  ausgestattet. Das Schulgeb\u00e4ude ist mit WLAN ausgestattet. <\/p>\n\n\n\n<p>Im Rahmen des Unterrichts werden die iPads im Rahmen des selbstst\u00e4ndigen Lernens, sowie zur Festigung von Unterrichtsinhalten genutzt. Ab der 3. Klassen gibt es einmal pro Woche eine digitale Hausaufgabe.<\/p>\n\n\n\n<p>Zudem erhalten die Kinder ab dem dritten Schuljahr PC-Unterricht. Hier wird zun\u00e4chst der Umgang mit dem iPad, Verhaltensregeln, Umgang mit Medien und die Sicherheit im Internet mit den Kindern thematisiert.<\/p>\n\n\n\n<p>In der vierten Klasse werden die Kinder im Umgang mit dem Computer geschult. Au\u00dferdem werden sie mit den Grundlagen eines Textverarbeitungsprogramms, ggf. noch mit einem Pr\u00e4sentationsprogramm vertraut gemacht.<\/p>\n\n\n\n<p><\/p>\n","protected":false},"excerpt":{"rendered":"<p>Seit 2019 besteht das schulische Medienkonzept und wird kontinuierlich weiterentwickelt. Die Schule verf\u00fcgt derzeit \u00fcber 63 Sch\u00fcler iPads. Jeder Klassenraum ist mit Ultrakurzdistanzbeamern, Apple TV\u00b4s und einem Lautsprechersystem ausgestattet. Das Schulgeb\u00e4ude ist mit WLAN ausgestattet. Im Rahmen des Unterrichts werden die iPads im Rahmen des selbstst\u00e4ndigen Lernens, sowie zur Festigung von Unterrichtsinhalten genutzt. Ab der [&hellip;]<\/p>\n","protected":false},"author":3,"featured_media":0,"parent":158,"menu_order":1,"comment_status":"closed","ping_status":"closed","template":"","meta":{"footnotes":""},"class_list":["post-291","page","type-page","status-publish","hentry"],"_links":{"self":[{"href":"https:\/\/www.kgs-birkstr.de\/index.php?rest_route=\/wp\/v2\/pages\/291","targetHints":{"allow":["GET"]}}],"collection":[{"href":"https:\/\/www.kgs-birkstr.de\/index.php?rest_route=\/wp\/v2\/pages"}],"about":[{"href":"https:\/\/www.kgs-birkstr.de\/index.php?rest_route=\/wp\/v2\/types\/page"}],"author":[{"embeddable":true,"href":"https:\/\/www.kgs-birkstr.de\/index.php?rest_route=\/wp\/v2\/users\/3"}],"replies":[{"embeddable":true,"href":"https:\/\/www.kgs-birkstr.de\/index.php?rest_route=%2Fwp%2Fv2%2Fcomments&post=291"}],"version-history":[{"count":9,"href":"https:\/\/www.kgs-birkstr.de\/index.php?rest_route=\/wp\/v2\/pages\/291\/revisions"}],"predecessor-version":[{"id":439,"href":"https:\/\/www.kgs-birkstr.de\/index.php?rest_route=\/wp\/v2\/pages\/291\/revisions\/439"}],"up":[{"embeddable":true,"href":"https:\/\/www.kgs-birkstr.de\/index.php?rest_route=\/wp\/v2\/pages\/158"}],"wp:attachment":[{"href":"https:\/\/www.kgs-birkstr.de\/index.php?rest_route=%2Fwp%2Fv2%2Fmedia&parent=291"}],"curies":[{"name":"wp","href":"https:\/\/api.w.org\/{rel}","templated":true}]}}