{"id":293,"date":"2024-04-03T08:53:37","date_gmt":"2024-04-03T08:53:37","guid":{"rendered":"https:\/\/www.kgs-birkstr.de\/?page_id=293"},"modified":"2024-05-27T14:34:35","modified_gmt":"2024-05-27T14:34:35","slug":"gemeindeleben","status":"publish","type":"page","link":"https:\/\/www.kgs-birkstr.de\/?page_id=293","title":{"rendered":"Gemeindeleben"},"content":{"rendered":"\n<p>Als katholische Grundschule ist unser Schulleben eng mit den christlichen und weiteren Glaubensgemeinschaften in Eilendorf verbunden. Regelm\u00e4\u00dfige Gottesdienstbesuche geh\u00f6ren genauso dazu wie ein Gotteskindertag, der alle zwei Jahre stattfindet.<\/p>\n\n\n\n<p>Weiterhin sind wir sehr daran interessiert die Vielfalt, die in unseren Klassen vertreten ist, durch kulturelle Tage und Aktivit\u00e4ten auch im Rahmen unserer Schulfeste und Projektwochen aufleben zu lassen und so eine Verbindung und Verst\u00e4ndigung aller Kulturen zu erm\u00f6glichen. <\/p>\n","protected":false},"excerpt":{"rendered":"<p>Als katholische Grundschule ist unser Schulleben eng mit den christlichen und weiteren Glaubensgemeinschaften in Eilendorf verbunden. Regelm\u00e4\u00dfige Gottesdienstbesuche geh\u00f6ren genauso dazu wie ein Gotteskindertag, der alle zwei Jahre stattfindet. Weiterhin sind wir sehr daran interessiert die Vielfalt, die in unseren Klassen vertreten ist, durch kulturelle Tage und Aktivit\u00e4ten auch im Rahmen unserer Schulfeste und Projektwochen [&hellip;]<\/p>\n","protected":false},"author":3,"featured_media":0,"parent":158,"menu_order":1,"comment_status":"closed","ping_status":"closed","template":"","meta":{"footnotes":""},"class_list":["post-293","page","type-page","status-publish","hentry"],"_links":{"self":[{"href":"https:\/\/www.kgs-birkstr.de\/index.php?rest_route=\/wp\/v2\/pages\/293","targetHints":{"allow":["GET"]}}],"collection":[{"href":"https:\/\/www.kgs-birkstr.de\/index.php?rest_route=\/wp\/v2\/pages"}],"about":[{"href":"https:\/\/www.kgs-birkstr.de\/index.php?rest_route=\/wp\/v2\/types\/page"}],"author":[{"embeddable":true,"href":"https:\/\/www.kgs-birkstr.de\/index.php?rest_route=\/wp\/v2\/users\/3"}],"replies":[{"embeddable":true,"href":"https:\/\/www.kgs-birkstr.de\/index.php?rest_route=%2Fwp%2Fv2%2Fcomments&post=293"}],"version-history":[{"count":6,"href":"https:\/\/www.kgs-birkstr.de\/index.php?rest_route=\/wp\/v2\/pages\/293\/revisions"}],"predecessor-version":[{"id":440,"href":"https:\/\/www.kgs-birkstr.de\/index.php?rest_route=\/wp\/v2\/pages\/293\/revisions\/440"}],"up":[{"embeddable":true,"href":"https:\/\/www.kgs-birkstr.de\/index.php?rest_route=\/wp\/v2\/pages\/158"}],"wp:attachment":[{"href":"https:\/\/www.kgs-birkstr.de\/index.php?rest_route=%2Fwp%2Fv2%2Fmedia&parent=293"}],"curies":[{"name":"wp","href":"https:\/\/api.w.org\/{rel}","templated":true}]}}