{"id":295,"date":"2024-04-03T08:54:47","date_gmt":"2024-04-03T08:54:47","guid":{"rendered":"https:\/\/www.kgs-birkstr.de\/?page_id=295"},"modified":"2024-05-28T11:17:10","modified_gmt":"2024-05-28T11:17:10","slug":"4-jahres-rhythmus","status":"publish","type":"page","link":"https:\/\/www.kgs-birkstr.de\/?page_id=295","title":{"rendered":"4-Jahres-Rhythmus"},"content":{"rendered":"\n<p>Unsere Kinder sollen vielf\u00e4ltige Eindr\u00fccke im Laufe ihrer Grundschulzeit sammeln. Daher bieten wir in jedem Schuljahr den Sch\u00fclerinnen und Sch\u00fclern einen besonderen H\u00f6hepunkt:<\/p>\n\n\n\n<ul class=\"wp-block-list\">\n<li>Schulfest mit besonderem Thema<\/li>\n\n\n\n<li>Theaterprojekt mit Auff\u00fchrung<\/li>\n\n\n\n<li>Sponsorenlauf<\/li>\n\n\n\n<li>Zirkus<\/li>\n<\/ul>\n","protected":false},"excerpt":{"rendered":"<p>Unsere Kinder sollen vielf\u00e4ltige Eindr\u00fccke im Laufe ihrer Grundschulzeit sammeln. Daher bieten wir in jedem Schuljahr den Sch\u00fclerinnen und Sch\u00fclern einen besonderen H\u00f6hepunkt:<\/p>\n","protected":false},"author":3,"featured_media":0,"parent":158,"menu_order":4,"comment_status":"closed","ping_status":"closed","template":"","meta":{"footnotes":""},"class_list":["post-295","page","type-page","status-publish","hentry"],"_links":{"self":[{"href":"https:\/\/www.kgs-birkstr.de\/index.php?rest_route=\/wp\/v2\/pages\/295","targetHints":{"allow":["GET"]}}],"collection":[{"href":"https:\/\/www.kgs-birkstr.de\/index.php?rest_route=\/wp\/v2\/pages"}],"about":[{"href":"https:\/\/www.kgs-birkstr.de\/index.php?rest_route=\/wp\/v2\/types\/page"}],"author":[{"embeddable":true,"href":"https:\/\/www.kgs-birkstr.de\/index.php?rest_route=\/wp\/v2\/users\/3"}],"replies":[{"embeddable":true,"href":"https:\/\/www.kgs-birkstr.de\/index.php?rest_route=%2Fwp%2Fv2%2Fcomments&post=295"}],"version-history":[{"count":4,"href":"https:\/\/www.kgs-birkstr.de\/index.php?rest_route=\/wp\/v2\/pages\/295\/revisions"}],"predecessor-version":[{"id":451,"href":"https:\/\/www.kgs-birkstr.de\/index.php?rest_route=\/wp\/v2\/pages\/295\/revisions\/451"}],"up":[{"embeddable":true,"href":"https:\/\/www.kgs-birkstr.de\/index.php?rest_route=\/wp\/v2\/pages\/158"}],"wp:attachment":[{"href":"https:\/\/www.kgs-birkstr.de\/index.php?rest_route=%2Fwp%2Fv2%2Fmedia&parent=295"}],"curies":[{"name":"wp","href":"https:\/\/api.w.org\/{rel}","templated":true}]}}