{"id":33,"date":"2023-12-11T23:14:39","date_gmt":"2023-12-11T23:14:39","guid":{"rendered":"https:\/\/www.kgs-birkstr.de\/?page_id=33"},"modified":"2024-04-03T09:45:21","modified_gmt":"2024-04-03T09:45:21","slug":"datenschutz","status":"publish","type":"page","link":"https:\/\/www.kgs-birkstr.de\/?page_id=33","title":{"rendered":"Datenschutz"},"content":{"rendered":"\n<h1 class=\"wp-block-heading\">Datenschutzerkl\u00e4rung<\/h1>\n\n\n\n<p><strong>Datenschutzerkl\u00e4rung<\/strong><\/p>\n\n\n\n<p><strong>Verantwortlicher und Datenschutzbeauftragter<\/strong><\/p>\n\n\n\n<p>Verantwortlicher gem. Art. 4 Nr. 7 EU-Datenschutz-Grundverordnung (EU-DSGVO) ist<\/p>\n\n\n\n<p>KGS Birkstra\u00dfe \u2013 Frau Anke Piel \u2013 Schulleitung KGS Birkstra\u00dfe, Birkstra\u00dfe 6, 52080 Aachen<\/p>\n\n\n\n<p>Email:&nbsp;<a rel=\"noreferrer noopener\" target=\"_blank\">Datenschutz-Schulen@staedteregion-aachen.de<\/a><\/p>\n\n\n\n<p>Die\/den schulischen Datenschutzbeauftragten erreichen Sie unter peter.schulz@kt.nrw.de oder \u00fcber die nachfolgende Postadresse: Schulamt der St\u00e4dteregion Aachen \u2013 Peter Schulz, Beh\u00f6rdlicher Datenschutzbeauftragter an Schulen der St\u00e4dteregion Aachen, Euregionales Medienzentrum , Talstra\u00dfe 2, 52068 Aachen, Tel.: 0241 5102205,<\/p>\n\n\n\n<p><strong>Ihre Rechte als Nutzer<\/strong><\/p>\n\n\n\n<p>Sie haben nach Ma\u00dfgabe der Artikel 15, 16, 17, 18 und 21 EU-DSGVO gegen\u00fcber uns folgende Rechte hinsichtlich der Sie betreffenden personenbezogenen Daten:<\/p>\n\n\n\n<ul class=\"wp-block-list\">\n<li>\u00a0Recht auf Auskunft,<\/li>\n\n\n\n<li>Recht auf Berichtigung oder L\u00f6schung,<\/li>\n\n\n\n<li>Recht auf Einschr\u00e4nkung der Verarbeitung,<\/li>\n\n\n\n<li>Recht auf Widerspruch gegen die Verarbeitung,<\/li>\n\n\n\n<li>Recht auf Daten\u00fcbertragbarkeit.<\/li>\n<\/ul>\n\n\n\n<h6 class=\"wp-block-heading\">&nbsp;Wenn Sie der Auffassung sind, dass eine Verarbeitung Ihrer personenbezogener Daten gegen Datenschutzrecht verst\u00f6\u00dft, haben Sie das Recht, sich bei der zust\u00e4ndigen Aufsichtsbeh\u00f6rde zu beschweren, die Sie unter folgenden Kontaktdaten erreichen k\u00f6nnen:<\/h6>\n\n\n\n<p>Landesbeauftragte f\u00fcr Datenschutz und Informationsfreiheit&nbsp;Nordrhein-Westfalen<br>Postfach 20 04 44<br>40102 D\u00fcsseldorf<\/p>\n\n\n\n<p>Tel.: 0211\/38424-0<br>Fax: 0211\/38424-10<br>E-Mail:&nbsp;<strong><a href=\"mailto:poststelle@ldi.nrw.de\">poststelle@ldi.nrw.de<\/a><\/strong><\/p>\n\n\n\n<p><strong>Hinweise zur Datenverarbeitung<\/strong><br>(1) Bei dem Aufruf unserer Website werden personenbezogene Daten erhoben. Dies ist aus technischen Gr\u00fcnden erforderlich, um Ihnen unsere Website anzuzeigen und die Stabilit\u00e4t und Sicherheit zu gew\u00e4hrleisten. Rechtsgrundlage ist Art. 6 Abs. 1 S. 1 lit. e, Abs. 3 EU-DSGVO in Verbindung mit \u00a7 3 Abs. 1 Datenschutzgesetz Nordrhein-Westfalen (DSG NRW).<br>Das Internetangebot der Schule wird bei der Firma regio iT Gesellschaft f\u00fcr Informationstechnologie mbH, Lombardenstra\u00dfe 24, 52070 Aachen gehostet. Bei jedem Zugriff auf Inhalte des Internetangebotes werden dort personenbezogene Daten empfangen und vor\u00fcbergehend bis zu 3 Monate \u00fcber sogenannte Protokoll- oder Log-Dateien gespeichert.<\/p>\n\n\n\n<p>Die folgenden Daten werden bei jedem Aufruf der Internetseite erhoben:<br>\u00b7&nbsp;&nbsp;&nbsp;&nbsp;&nbsp;&nbsp;&nbsp;&nbsp;IP-Adresse<br>\u00b7&nbsp;&nbsp;&nbsp;&nbsp;&nbsp;&nbsp;&nbsp;&nbsp;Datum und Uhrzeit des Abrufs<br>\u00b7&nbsp;&nbsp;&nbsp;&nbsp;&nbsp;&nbsp;&nbsp;&nbsp;Inhalt der Anforderung (konkrete Seite)<br>\u00b7&nbsp;&nbsp;&nbsp;&nbsp;&nbsp;&nbsp;&nbsp;&nbsp;Zugriffsstatus\/HTTP-Statuscode<br>\u00b7&nbsp;&nbsp;&nbsp;&nbsp;&nbsp;&nbsp;&nbsp;&nbsp;jeweils \u00fcbertragene Datenmenge<br>\u00b7&nbsp;&nbsp;&nbsp;&nbsp;&nbsp;&nbsp;&nbsp;&nbsp;Website, von der die Anforderung kommt<br>\u00b7&nbsp;&nbsp;&nbsp;&nbsp;&nbsp;&nbsp;&nbsp;&nbsp;Browser<br>\u00b7&nbsp;&nbsp;&nbsp;&nbsp;&nbsp;&nbsp;&nbsp;&nbsp;Betriebssystem und dessen Oberfl\u00e4che<br>\u00b7&nbsp;&nbsp;&nbsp;&nbsp;&nbsp;&nbsp;&nbsp;&nbsp;Sprache und Version der Browsersoftware.<br>Wir weisen darauf hin, dass Betreiber von fremden Internetseiten, die vom Portal aus verlinkt werden, die Daten von Besucherinnen bzw. Besuchern dieser Internetseiten erheben und auswerten k\u00f6nnen.<\/p>\n\n\n\n<p>(2) Bei Ihrer Kontaktaufnahme mit uns per E-Mail oder \u00fcber ein Kontaktformular m\u00fcssen die von Ihnen freiwillig mitgeteilten Daten (Ihre E-Mail-Adresse, ggf. Ihr Name und Ihre Telefonnummer) gespeichert werden, um Ihrem Anliegen entgegen kommen zu k\u00f6nnen. Rechtsgrundlage ist Art. 6 Abs. 1 S. 1 lit. e, Abs. 3 EU-DSGVO in Verbindung mit \u00a7 3 Abs. 1 Datenschutzgesetz Nordrhein-Westfalen (DSG NRW).<br>Die von Ihnen eingegebenen pers\u00f6nlichen Daten verwenden wir nur zu dem von Ihnen gew\u00fcnschten Zweck. Die in diesem Zusammenhang anfallenden Daten l\u00f6schen wir, nachdem die Speicherung nicht mehr erforderlich ist.<\/p>\n\n\n\n<p><strong>Nutzung von Cookies<\/strong><br>Das Homepage-Angebot verwendet sogenannte \u201eCookies\u201c. Bei Cookies handelt es sich um kleine Textdateien, die auf Ihrem Rechner abgelegt werden und die Ihr Browser speichert. Diese dienen dazu, unser Angebot f\u00fcr Sie nutzerfreundlicher und effektiver zu machen.<\/p>\n\n\n\n<p><strong>Rechtsgrundlage ist Art. 6 Abs. 1 S. 1 lit. e, Abs. 3 EU-DSGVO in Verbindung mit \u00a7 3 Abs. 1 Datenschutzgesetz Nordrhein-Westfalen (DSG NRW).<\/strong><br>Sie k\u00f6nnen die Verwendung von Cookies dadurch unterbinden, indem Sie Ihren Internetbrowser so einstellen, dass dieser keine Cookies akzeptiert. Sie k\u00f6nnen in Ihrem Browser aber auch festlegen, ob Sie \u00fcber das Setzen von Cookies informiert werden m\u00f6chten und Cookies nur im Einzelfall erlauben, ob Sie die Annahme von Cookies f\u00fcr bestimmte F\u00e4lle oder eben auch generell ausschlie\u00dfen. Au\u00dferdem k\u00f6nnen Sie das automatische L\u00f6schen der Cookies beim Schlie\u00dfen des Browser aktivieren. Wie man das macht, h\u00e4ngt von Ihrem Browser ab.<\/p>\n\n\n\n<p><strong>Angaben gem\u00e4\u00df \u00a7 18 Abs. 2 Medienstaatsvertrag<\/strong><\/p>\n\n\n\n<p>KGS Birkstrasse<br>Anke Piel und Kathrin Willms<br>Birkstra\u00dfe 6<br>52080 Aachen<\/p>\n\n\n\n<p><strong>Vertreten durch:<\/strong>\u00a0Anke Piel und Kathrin Willms<\/p>\n\n\n\n<p><strong>Kontakt:<\/strong><br>Telefon: 0241 555678<\/p>\n\n\n\n<p><strong>Haftungsausschluss<\/strong><\/p>\n\n\n\n<p><strong>Haftung f\u00fcr Links:<\/strong><br>Unser Angebot enth\u00e4lt Links zu externen Webseiten Dritter, auf deren Inhalte wir keinen Einfluss haben. Deshalb k\u00f6nnen wir f\u00fcr diese fremden Inhalte auch keine Gew\u00e4hr \u00fcbernehmen. F\u00fcr die Inhalte der verlinkten Seiten ist stets der jeweilige Anbieter oder Betreiber der Seiten verantwortlich. Die verlinkten Seiten wurden zum Zeitpunkt der Verlinkung auf m\u00f6gliche Rechtsverst\u00f6\u00dfe \u00fcberpr\u00fcft. Rechtswidrige Inhalte waren zum Zeitpunkt der Verlinkung nicht erkennbar. Eine permanente inhaltliche Kontrolle der verlinkten Seiten ist jedoch ohne konkrete Anhaltspunkte einer Rechtsverletzung nicht zumutbar. Bei Bekanntwerden von Rechtsverletzungen werden wir derartige Links umgehend entfernen.<\/p>\n\n\n\n<p><strong>Haftung f\u00fcr Inhalt:<\/strong><br>Die Inhalte unserer Seiten wurden mit gr\u00f6\u00dfter Sorgfalt erstellt. F\u00fcr die Richtigkeit, Vollst\u00e4ndigkeit und Aktualit\u00e4t der Inhalte k\u00f6nnen wir jedoch keine Gew\u00e4hr \u00fcbernehmen. Als Diensteanbieter sind wir gem\u00e4\u00df \u00a7 7 Abs.1 TMG f\u00fcr eigene Inhalte auf diesen Seiten nach den allgemeinen Gesetzen verantwortlich. Nach \u00a7 8 bis 10 TMG sind wir als Diensteanbieter jedoch nicht verpflichtet, \u00fcbermittelte oder gespeicherte fremde Informationen zu \u00fcberwachen oder nach Umst\u00e4nden zu forschen, die auf eine rechtswidrige T\u00e4tigkeit hinweisen. Verpflichtungen zur Entfernung oder Sperrung der Nutzung von Informationen nach den allgemeinen Gesetzen bleiben hiervon unber\u00fchrt. Eine diesbez\u00fcgliche Haftung ist jedoch erst ab dem Zeitpunkt der Kenntnis einer konkreten Rechtsverletzung m\u00f6glich. Bei Bekanntwerden von entsprechenden Rechtsverletzungen werden wir diese Inhalte umgehend entfernen.<\/p>\n\n\n\n<p><strong>Urheberrecht<\/strong><br>Die durch die Seitenbetreiber erstellten Inhalte und Werke auf diesen Seiten unterliegen dem deutschen Urheberrecht. Die Vervielf\u00e4ltigung, Bearbeitung, Verbreitung und jede Art der Verwertung au\u00dferhalb der Grenzen des Urheberrechtes bed\u00fcrfen der schriftlichen Zustimmung des jeweiligen Autors bzw. Erstellers. Downloads und Kopien dieser Seite sind nur f\u00fcr den privaten, nicht kommerziellen Gebrauch gestattet. Soweit die Inhalte auf dieser Seite nicht vom Betreiber erstellt wurden, werden die Urheberrechte Dritter beachtet. Insbesondere werden Inhalte Dritter als solche gekennzeichnet. Sollten Sie trotzdem auf eine Urheberrechtsverletzung aufmerksam werden, bitten wir um einen entsprechenden Hinweis. Bei Bekanntwerden von Rechtsverletzungen werden wir derartige Inhalte umgehend entfernen.<\/p>\n","protected":false},"excerpt":{"rendered":"<p>Datenschutzerkl\u00e4rung Datenschutzerkl\u00e4rung Verantwortlicher und Datenschutzbeauftragter Verantwortlicher gem. Art. 4 Nr. 7 EU-Datenschutz-Grundverordnung (EU-DSGVO) ist KGS Birkstra\u00dfe \u2013 Frau Anke Piel \u2013 Schulleitung KGS Birkstra\u00dfe, Birkstra\u00dfe 6, 52080 Aachen Email:&nbsp;Datenschutz-Schulen@staedteregion-aachen.de Die\/den schulischen Datenschutzbeauftragten erreichen Sie unter peter.schulz@kt.nrw.de oder \u00fcber die nachfolgende Postadresse: Schulamt der St\u00e4dteregion Aachen \u2013 Peter Schulz, Beh\u00f6rdlicher Datenschutzbeauftragter an Schulen der St\u00e4dteregion Aachen, [&hellip;]<\/p>\n","protected":false},"author":1,"featured_media":0,"parent":0,"menu_order":20,"comment_status":"closed","ping_status":"closed","template":"","meta":{"footnotes":""},"class_list":["post-33","page","type-page","status-publish","hentry"],"_links":{"self":[{"href":"https:\/\/www.kgs-birkstr.de\/index.php?rest_route=\/wp\/v2\/pages\/33","targetHints":{"allow":["GET"]}}],"collection":[{"href":"https:\/\/www.kgs-birkstr.de\/index.php?rest_route=\/wp\/v2\/pages"}],"about":[{"href":"https:\/\/www.kgs-birkstr.de\/index.php?rest_route=\/wp\/v2\/types\/page"}],"author":[{"embeddable":true,"href":"https:\/\/www.kgs-birkstr.de\/index.php?rest_route=\/wp\/v2\/users\/1"}],"replies":[{"embeddable":true,"href":"https:\/\/www.kgs-birkstr.de\/index.php?rest_route=%2Fwp%2Fv2%2Fcomments&post=33"}],"version-history":[{"count":3,"href":"https:\/\/www.kgs-birkstr.de\/index.php?rest_route=\/wp\/v2\/pages\/33\/revisions"}],"predecessor-version":[{"id":320,"href":"https:\/\/www.kgs-birkstr.de\/index.php?rest_route=\/wp\/v2\/pages\/33\/revisions\/320"}],"wp:attachment":[{"href":"https:\/\/www.kgs-birkstr.de\/index.php?rest_route=%2Fwp%2Fv2%2Fmedia&parent=33"}],"curies":[{"name":"wp","href":"https:\/\/api.w.org\/{rel}","templated":true}]}}